{"id":46,"date":"2020-03-11T09:17:37","date_gmt":"2020-03-11T09:17:37","guid":{"rendered":"https:\/\/avadawebsites.wpengine.com\/plumber\/?page_id=46"},"modified":"2025-08-13T15:34:41","modified_gmt":"2025-08-13T12:34:41","slug":"blog","status":"publish","type":"page","link":"https:\/\/argmarin.com\/en\/blog\/","title":{"rendered":"Blog"},"content":{"rendered":"<div class=\"fusion-fullwidth fullwidth-box fusion-builder-row-1 fusion-flex-container has-pattern-background has-mask-background nonhundred-percent-fullwidth non-hundred-percent-height-scrolling\" style=\"--awb-border-radius-top-left:0px;--awb-border-radius-top-right:0px;--awb-border-radius-bottom-right:0px;--awb-border-radius-bottom-left:0px;--awb-flex-wrap:wrap;\" ><div class=\"fusion-builder-row fusion-row fusion-flex-align-items-flex-start fusion-flex-content-wrap\" style=\"max-width:1185.6px;margin-left: calc(-4% \/ 2 );margin-right: calc(-4% \/ 2 );\"><div class=\"fusion-layout-column fusion_builder_column fusion-builder-column-0 fusion_builder_column_1_1 1_1 fusion-flex-column\" style=\"--awb-bg-size:cover;--awb-width-large:100%;--awb-margin-top-large:0px;--awb-spacing-right-large:1.92%;--awb-margin-bottom-large:20px;--awb-spacing-left-large:1.92%;--awb-width-medium:100%;--awb-order-medium:0;--awb-spacing-right-medium:1.92%;--awb-spacing-left-medium:1.92%;--awb-width-small:100%;--awb-order-small:0;--awb-spacing-right-small:1.92%;--awb-spacing-left-small:1.92%;\"><div class=\"fusion-column-wrapper fusion-column-has-shadow fusion-flex-justify-content-flex-start fusion-content-layout-column\"><div class=\"fusion-blog-shortcode fusion-blog-shortcode-1 fusion-blog-archive fusion-blog-layout-large fusion-blog-pagination\"><div class=\"fusion-posts-container fusion-posts-container-pagination\" data-pages=\"1\"><article id=\"blog-1-post-21922\" class=\"fusion-post-large post-21922 post type-post status-publish format-standard has-post-thumbnail hentry category-genel\">\n\t<style type=\"text\/css\">\n\t\t\n\t\t\n\t\t\n\t\t\n\t\t\t<\/style>\n\n\n\t\t\t<div class=\"fusion-flexslider flexslider fusion-flexslider-loading fusion-post-slideshow\" style=\"\">\n\t\t<ul class=\"slides\">\n\t\t\t\n\t\t\t\t\t\t\t\t\t\t\t\t\t\t<li><div  class=\"fusion-image-wrapper\" aria-haspopup=\"true\">\n\t\t\t\t\t\t\t<a href=\"https:\/\/argmarin.com\/en\/arg-marin-the-best-choice-for-boats-and-caravans-polyethylene-fresh-water-tank\/\" aria-label=\"ARG MAR\u0130N: The Best Choice for Boats and Caravans \u2013 Polyethylene Fresh Water Tank\">\n\t\t\t\t\t\t\t<img decoding=\"async\" width=\"800\" height=\"600\" src=\"https:\/\/argmarin.com\/en\/wp-content\/uploads\/2025\/04\/IMG_0926.jpg\" class=\"attachment-full size-full lazyload wp-post-image\" alt=\"\" srcset=\"data:image\/svg+xml,%3Csvg%20xmlns%3D%27http%3A%2F%2Fwww.w3.org%2F2000%2Fsvg%27%20width%3D%27800%27%20height%3D%27600%27%20viewBox%3D%270%200%20800%20600%27%3E%3Crect%20width%3D%27800%27%20height%3D%27600%27%20fill-opacity%3D%220%22%2F%3E%3C%2Fsvg%3E\" data-orig-src=\"https:\/\/argmarin.com\/en\/wp-content\/uploads\/2025\/04\/IMG_0926.jpg\" data-srcset=\"https:\/\/argmarin.com\/en\/wp-content\/uploads\/2025\/04\/IMG_0926-200x150.jpg 200w, https:\/\/argmarin.com\/en\/wp-content\/uploads\/2025\/04\/IMG_0926-400x300.jpg 400w, https:\/\/argmarin.com\/en\/wp-content\/uploads\/2025\/04\/IMG_0926-600x450.jpg 600w, https:\/\/argmarin.com\/en\/wp-content\/uploads\/2025\/04\/IMG_0926.jpg 800w\" data-sizes=\"auto\" \/>\t\t\t<\/a>\n\t\t\t\t\t\t\t<\/div>\n<\/li>\n\t\t\t\n\t\t\t\n\t\t\t\t\t\t\t\t\t\t\t\t\t\t\t\t\t\t\t\t\t\t\t\t\t\t\t\t\t\t\t\t\t\t\t\t\t\t\t\t\t\t\t\t\t\t\t\t\t\t\t\t\t\t\t\t\t\t\t\t\t\t\t\t\t\t\t\t<\/ul>\n\t<\/div>\n\t<div class=\"fusion-post-content post-content\"><h2 class=\"blog-shortcode-post-title entry-title\"><a href=\"https:\/\/argmarin.com\/en\/arg-marin-the-best-choice-for-boats-and-caravans-polyethylene-fresh-water-tank\/\">ARG MAR\u0130N: The Best Choice for Boats and Caravans \u2013 Polyethylene Fresh Water Tank<\/a><\/h2><div class=\"fusion-post-content-container\"><p>Polyethylene Fresh Water Tanks: Safe and Durable Water Storage Solution<\/p><\/div><\/div><div class=\"fusion-clearfix\"><\/div><div class=\"fusion-meta-info\"><div class=\"fusion-alignleft\">By <span class=\"vcard\"><span class=\"fn\"><a href=\"https:\/\/argmarin.com\/en\/author\/melek\/\" title=\"Melek AVCAR taraf\u0131ndan yaz\u0131lan yaz\u0131lar\" rel=\"author\">Melek AVCAR<\/a><\/span><\/span><span class=\"fusion-inline-sep\">|<\/span><span class=\"updated\" style=\"display:none;\">2025-09-23T14:25:23+03:00<\/span><span>Eyl\u00fcl 23rd, 2025<\/span><span class=\"fusion-inline-sep\">|<\/span>Categories: <a href=\"https:\/\/argmarin.com\/en\/kategori\/genel\/\" rel=\"category tag\">Genel<\/a><span class=\"fusion-inline-sep\">|<\/span><span class=\"fusion-comments\"><span><span class=\"screen-reader-text\">ARG MAR\u0130N: The Best Choice for Boats and Caravans \u2013 Polyethylene Fresh Water Tank i\u00e7in<\/span> yorumlar kapal\u0131<\/span><\/span><\/div><div class=\"fusion-alignright\"><a class=\"fusion-read-more\" href=\"https:\/\/argmarin.com\/en\/arg-marin-the-best-choice-for-boats-and-caravans-polyethylene-fresh-water-tank\/\" aria-label=\"More on ARG MAR\u0130N: The Best Choice for Boats and Caravans \u2013 Polyethylene Fresh Water Tank\">Read More<\/a><\/div><\/div><\/article>\n<article id=\"blog-1-post-21913\" class=\"fusion-post-large post-21913 post type-post status-publish format-standard has-post-thumbnail hentry category-genel\">\n\t<style type=\"text\/css\">\n\t\t\n\t\t\n\t\t\n\t\t\n\t\t\t<\/style>\n\n\n\t\t\t<div class=\"fusion-flexslider flexslider fusion-flexslider-loading fusion-post-slideshow\" style=\"\">\n\t\t<ul class=\"slides\">\n\t\t\t\n\t\t\t\t\t\t\t\t\t\t\t\t\t\t<li><div  class=\"fusion-image-wrapper\" aria-haspopup=\"true\">\n\t\t\t\t\t\t\t<a href=\"https:\/\/argmarin.com\/en\/polietilen-pis-su-tanklari\/\" aria-label=\"Polyethylene Waste Water Thank&#8221;s\">\n\t\t\t\t\t\t\t<img decoding=\"async\" width=\"700\" height=\"525\" src=\"https:\/\/argmarin.com\/en\/wp-content\/uploads\/2025\/07\/ec76186e-f9d6-4252-b59f-fea087adff14.jpg\" class=\"attachment-full size-full lazyload wp-post-image\" alt=\"\" srcset=\"data:image\/svg+xml,%3Csvg%20xmlns%3D%27http%3A%2F%2Fwww.w3.org%2F2000%2Fsvg%27%20width%3D%27700%27%20height%3D%27525%27%20viewBox%3D%270%200%20700%20525%27%3E%3Crect%20width%3D%27700%27%20height%3D%27525%27%20fill-opacity%3D%220%22%2F%3E%3C%2Fsvg%3E\" data-orig-src=\"https:\/\/argmarin.com\/en\/wp-content\/uploads\/2025\/07\/ec76186e-f9d6-4252-b59f-fea087adff14.jpg\" data-srcset=\"https:\/\/argmarin.com\/en\/wp-content\/uploads\/2025\/07\/ec76186e-f9d6-4252-b59f-fea087adff14-200x150.jpg 200w, https:\/\/argmarin.com\/en\/wp-content\/uploads\/2025\/07\/ec76186e-f9d6-4252-b59f-fea087adff14-400x300.jpg 400w, https:\/\/argmarin.com\/en\/wp-content\/uploads\/2025\/07\/ec76186e-f9d6-4252-b59f-fea087adff14-600x450.jpg 600w, https:\/\/argmarin.com\/en\/wp-content\/uploads\/2025\/07\/ec76186e-f9d6-4252-b59f-fea087adff14.jpg 700w\" data-sizes=\"auto\" \/>\t\t\t<\/a>\n\t\t\t\t\t\t\t<\/div>\n<\/li>\n\t\t\t\n\t\t\t\n\t\t\t\t\t\t\t\t\t\t\t\t\t\t\t\t\t\t\t\t\t\t\t\t\t\t\t\t\t\t\t\t\t\t\t\t\t\t\t\t\t\t\t\t\t\t\t\t\t\t\t\t\t\t\t\t\t\t\t\t\t\t\t\t\t\t\t\t<\/ul>\n\t<\/div>\n\t<div class=\"fusion-post-content post-content\"><h2 class=\"blog-shortcode-post-title entry-title\"><a href=\"https:\/\/argmarin.com\/en\/polietilen-pis-su-tanklari\/\">Polyethylene Waste Water Thank&#8221;s<\/a><\/h2><div class=\"fusion-post-content-container\"><p>ARG MARIN \u2013 Reliable Solution: Polyethylene Waste Water Tanks Every<\/p><\/div><\/div><div class=\"fusion-clearfix\"><\/div><div class=\"fusion-meta-info\"><div class=\"fusion-alignleft\">By <span class=\"vcard\"><span class=\"fn\"><a href=\"https:\/\/argmarin.com\/en\/author\/melek\/\" title=\"Melek AVCAR taraf\u0131ndan yaz\u0131lan yaz\u0131lar\" rel=\"author\">Melek AVCAR<\/a><\/span><\/span><span class=\"fusion-inline-sep\">|<\/span><span class=\"updated\" style=\"display:none;\">2025-09-23T14:22:55+03:00<\/span><span>Eyl\u00fcl 15th, 2025<\/span><span class=\"fusion-inline-sep\">|<\/span>Categories: <a href=\"https:\/\/argmarin.com\/en\/kategori\/genel\/\" rel=\"category tag\">Genel<\/a><span class=\"fusion-inline-sep\">|<\/span><span class=\"fusion-comments\"><span><span class=\"screen-reader-text\">Polyethylene Waste Water Thank&#8221;s i\u00e7in<\/span> yorumlar kapal\u0131<\/span><\/span><\/div><div class=\"fusion-alignright\"><a class=\"fusion-read-more\" href=\"https:\/\/argmarin.com\/en\/polietilen-pis-su-tanklari\/\" aria-label=\"More on Polyethylene Waste Water Thank&#8221;s\">Read More<\/a><\/div><\/div><\/article>\n<article id=\"blog-1-post-21819\" class=\"fusion-post-large post-21819 post type-post status-publish format-standard has-post-thumbnail hentry category-genel\">\n\t<style type=\"text\/css\">\n\t\t\n\t\t\n\t\t\n\t\t\n\t\t\t<\/style>\n\n\n\t\t\t<div class=\"fusion-flexslider flexslider fusion-flexslider-loading fusion-post-slideshow\" style=\"\">\n\t\t<ul class=\"slides\">\n\t\t\t\n\t\t\t\t\t\t\t\t\t\t\t\t\t\t<li><div  class=\"fusion-image-wrapper\" aria-haspopup=\"true\">\n\t\t\t\t\t\t\t<a href=\"https:\/\/argmarin.com\/en\/special-production-polyethylene-fuel-tank-manufacturing-in-gocek-with-the-arg-marin-difference\/\" aria-label=\"Special Production Polyethylene Fuel Tank Manufacturing in G\u00f6cek \u2013 With the ARG Marin Difference\">\n\t\t\t\t\t\t\t<img decoding=\"async\" width=\"700\" height=\"525\" src=\"https:\/\/argmarin.com\/en\/wp-content\/uploads\/2025\/09\/IMG_1145.jpg\" class=\"attachment-full size-full lazyload wp-post-image\" alt=\"\" srcset=\"data:image\/svg+xml,%3Csvg%20xmlns%3D%27http%3A%2F%2Fwww.w3.org%2F2000%2Fsvg%27%20width%3D%27700%27%20height%3D%27525%27%20viewBox%3D%270%200%20700%20525%27%3E%3Crect%20width%3D%27700%27%20height%3D%27525%27%20fill-opacity%3D%220%22%2F%3E%3C%2Fsvg%3E\" data-orig-src=\"https:\/\/argmarin.com\/en\/wp-content\/uploads\/2025\/09\/IMG_1145.jpg\" data-srcset=\"https:\/\/argmarin.com\/en\/wp-content\/uploads\/2025\/09\/IMG_1145-200x150.jpg 200w, https:\/\/argmarin.com\/en\/wp-content\/uploads\/2025\/09\/IMG_1145-400x300.jpg 400w, https:\/\/argmarin.com\/en\/wp-content\/uploads\/2025\/09\/IMG_1145-600x450.jpg 600w, https:\/\/argmarin.com\/en\/wp-content\/uploads\/2025\/09\/IMG_1145.jpg 700w\" data-sizes=\"auto\" \/>\t\t\t<\/a>\n\t\t\t\t\t\t\t<\/div>\n<\/li>\n\t\t\t\n\t\t\t\n\t\t\t\t\t\t\t\t\t\t\t\t\t\t\t\t\t\t\t\t\t\t\t\t\t\t\t\t\t\t\t\t\t\t\t\t\t\t\t\t\t\t\t\t\t\t\t\t\t\t\t\t\t\t\t\t\t\t\t\t\t\t\t\t\t\t\t\t<\/ul>\n\t<\/div>\n\t<div class=\"fusion-post-content post-content\"><h2 class=\"blog-shortcode-post-title entry-title\"><a href=\"https:\/\/argmarin.com\/en\/special-production-polyethylene-fuel-tank-manufacturing-in-gocek-with-the-arg-marin-difference\/\">Special Production Polyethylene Fuel Tank Manufacturing in G\u00f6cek \u2013 With the ARG Marin Difference<\/a><\/h2><div class=\"fusion-post-content-container\"><p> The quality of your fuel tank is vital for<\/p><\/div><\/div><div class=\"fusion-clearfix\"><\/div><div class=\"fusion-meta-info\"><div class=\"fusion-alignleft\">By <span class=\"vcard\"><span class=\"fn\"><a href=\"https:\/\/argmarin.com\/en\/author\/admin\/\" title=\"admin taraf\u0131ndan yaz\u0131lan yaz\u0131lar\" rel=\"author\">admin<\/a><\/span><\/span><span class=\"fusion-inline-sep\">|<\/span><span class=\"updated\" style=\"display:none;\">2025-09-12T19:36:34+03:00<\/span><span>A\u011fustos 13th, 2025<\/span><span class=\"fusion-inline-sep\">|<\/span>Categories: <a href=\"https:\/\/argmarin.com\/en\/kategori\/genel\/\" rel=\"category tag\">Genel<\/a><span class=\"fusion-inline-sep\">|<\/span><span class=\"fusion-comments\"><span><span class=\"screen-reader-text\">Special Production Polyethylene Fuel Tank Manufacturing in G\u00f6cek \u2013 With the ARG Marin Difference i\u00e7in<\/span> yorumlar kapal\u0131<\/span><\/span><\/div><div class=\"fusion-alignright\"><a class=\"fusion-read-more\" href=\"https:\/\/argmarin.com\/en\/special-production-polyethylene-fuel-tank-manufacturing-in-gocek-with-the-arg-marin-difference\/\" aria-label=\"More on Special Production Polyethylene Fuel Tank Manufacturing in G\u00f6cek \u2013 With the ARG Marin Difference\">Read More<\/a><\/div><\/div><\/article>\n<\/div><\/div><\/div><\/div><\/div><\/div>\n","protected":false},"excerpt":{"rendered":"","protected":false},"author":1,"featured_media":210,"parent":0,"menu_order":0,"comment_status":"closed","ping_status":"closed","template":"100-width.php","meta":{"footnotes":""},"class_list":["post-46","page","type-page","status-publish","has-post-thumbnail","hentry"],"aioseo_notices":[],"_links":{"self":[{"href":"https:\/\/argmarin.com\/en\/wp-json\/wp\/v2\/pages\/46","targetHints":{"allow":["GET"]}}],"collection":[{"href":"https:\/\/argmarin.com\/en\/wp-json\/wp\/v2\/pages"}],"about":[{"href":"https:\/\/argmarin.com\/en\/wp-json\/wp\/v2\/types\/page"}],"author":[{"embeddable":true,"href":"https:\/\/argmarin.com\/en\/wp-json\/wp\/v2\/users\/1"}],"replies":[{"embeddable":true,"href":"https:\/\/argmarin.com\/en\/wp-json\/wp\/v2\/comments?post=46"}],"version-history":[{"count":1,"href":"https:\/\/argmarin.com\/en\/wp-json\/wp\/v2\/pages\/46\/revisions"}],"predecessor-version":[{"id":21817,"href":"https:\/\/argmarin.com\/en\/wp-json\/wp\/v2\/pages\/46\/revisions\/21817"}],"wp:featuredmedia":[{"embeddable":true,"href":"https:\/\/argmarin.com\/en\/wp-json\/wp\/v2\/media\/210"}],"wp:attachment":[{"href":"https:\/\/argmarin.com\/en\/wp-json\/wp\/v2\/media?parent=46"}],"curies":[{"name":"wp","href":"https:\/\/api.w.org\/{rel}","templated":true}]}}